{"id":149,"date":"2015-04-29T17:20:31","date_gmt":"2015-04-29T17:20:31","guid":{"rendered":"http:\/\/pazurgryfa.slupsk.pl\/?page_id=149"},"modified":"2026-04-01T11:15:08","modified_gmt":"2026-04-01T11:15:08","slug":"zapisy","status":"publish","type":"page","link":"https:\/\/pazurgryfa.slupsk.pl\/?page_id=149","title":{"rendered":"Zapisy"},"content":{"rendered":"<p>Link do zapis\u00f3w :<\/p>\n<p><a href=\"https:\/\/elektronicznezapisy.pl\/event\/15193\/strona.html\">https:\/\/elektronicznezapisy.pl\/event\/15193\/strona.html<\/a><\/p>\n<p>Wz\u00f3r o\u015bwiadczenia:<\/p>\n<p>Wz\u00f3r zgody na udzia\u0142 osoby niepe\u0142noletniej:<\/p>\n","protected":false},"excerpt":{"rendered":"<p>Link do zapis\u00f3w : https:\/\/elektronicznezapisy.pl\/event\/15193\/strona.html Wz\u00f3r o\u015bwiadczenia: Wz\u00f3r zgody na udzia\u0142 osoby niepe\u0142noletniej:<\/p>\n","protected":false},"author":1,"featured_media":0,"parent":0,"menu_order":0,"comment_status":"closed","ping_status":"open","template":"","meta":[],"_links":{"self":[{"href":"https:\/\/pazurgryfa.slupsk.pl\/index.php?rest_route=\/wp\/v2\/pages\/149"}],"collection":[{"href":"https:\/\/pazurgryfa.slupsk.pl\/index.php?rest_route=\/wp\/v2\/pages"}],"about":[{"href":"https:\/\/pazurgryfa.slupsk.pl\/index.php?rest_route=\/wp\/v2\/types\/page"}],"author":[{"embeddable":true,"href":"https:\/\/pazurgryfa.slupsk.pl\/index.php?rest_route=\/wp\/v2\/users\/1"}],"replies":[{"embeddable":true,"href":"https:\/\/pazurgryfa.slupsk.pl\/index.php?rest_route=%2Fwp%2Fv2%2Fcomments&post=149"}],"version-history":[{"count":44,"href":"https:\/\/pazurgryfa.slupsk.pl\/index.php?rest_route=\/wp\/v2\/pages\/149\/revisions"}],"predecessor-version":[{"id":22269,"href":"https:\/\/pazurgryfa.slupsk.pl\/index.php?rest_route=\/wp\/v2\/pages\/149\/revisions\/22269"}],"wp:attachment":[{"href":"https:\/\/pazurgryfa.slupsk.pl\/index.php?rest_route=%2Fwp%2Fv2%2Fmedia&parent=149"}],"curies":[{"name":"wp","href":"https:\/\/api.w.org\/{rel}","templated":true}]}}