{"id":2,"date":"2014-05-09T04:35:09","date_gmt":"2014-05-09T04:35:09","guid":{"rendered":"http:\/\/localhost\/wordpress-3.9.1\/wordpress\/?page_id=2"},"modified":"2026-03-27T10:01:33","modified_gmt":"2026-03-27T10:01:33","slug":"sample-page","status":"publish","type":"page","link":"https:\/\/pazurgryfa.slupsk.pl\/","title":{"rendered":"Strona g\u0142\u00f3wna"},"content":{"rendered":"<p>Ziemia s\u0142upska to wymarzony teren imprez na orientacj\u0119. Niezmierzone lasy pe\u0142ne wzg\u00f3rz, dolin , jar\u00f3w, polan, z bogactwem fauny i flory. W\u015br\u00f3d nich zabytki przyrody i historii z pomnikami, zapomnianymi cmentarzami, starymi kaplicami i kryptami, staro\u017cytnymi kurhanami, grodziskami i osadami, pe\u0142ne zagadkowych pa\u0142ac\u00f3w, starych m\u0142yn\u00f3w i linii kolejowych.&nbsp; Wszystko to w\u015br\u00f3d wij\u0105cych si\u0119 pomorskich rzek: Wieprzy, S\u0142upi, \u0141upawy i&nbsp; \u0141eby. Raz do roku w takich miejscach k\u0105sa\u0107 b\u0119dzie\u201e<span class=\"il\">Pazur<\/span> Gryfa\u201d \u2013 rajd na orientacj\u0119 z trasami pieszymi i rowerowymi.<\/p>\n<p>Zapraszamy.<\/p>\n<p>\n\t<!-- Thumbnails Link -->\n\t<div class=\"slideshowlink\">\n        <a href='https:\/\/pazurgryfa.slupsk.pl\/index.php\/nggallery\/thumbnails?rest_route=%2Fwp%2Fv2%2Fpages%2F2'>[Show thumbnails]<\/a>\n\t<\/div>\n\n<div class=\"ngg-slideshow-image-list ngg-slideshow-nojs\" id=\"ngg-slideshow-200-15865247400-image-list\">\n\t<div id=\"ngg-image-0\" class=\"ngg-gallery-slideshow-image\" >\n\t\t<img data-image-id='77'\n\t\t     title=\"\"\n\t\t     alt=\"44414592_1963797087012681_5116606320820092928_o\"\n\t\t     src=\"https:\/\/pazurgryfa.slupsk.pl\/wp-content\/gallery\/galeria3\/44414592_1963797087012681_5116606320820092928_o.jpg\"\n\t\t     width=\"600\"\n\t\t     height=\"337\"\/>\n\t\t<\/div> \n<div id=\"ngg-image-1\" class=\"ngg-gallery-slideshow-image\" >\n\t\t<img data-image-id='78'\n\t\t     title=\"\"\n\t\t     alt=\"44565545_1963796907012699_501531714930081792_o\"\n\t\t     src=\"https:\/\/pazurgryfa.slupsk.pl\/wp-content\/gallery\/galeria3\/44565545_1963796907012699_501531714930081792_o.jpg\"\n\t\t     width=\"600\"\n\t\t     height=\"337\"\/>\n\t\t<\/div> \n<\/div>\n<div class=\"ngg-galleryoverview ngg-slideshow\"\n     id=\"ngg-slideshow-200-15865247400\"\n     data-placeholder=\"https:\/\/pazurgryfa.slupsk.pl\/wp-content\/plugins\/nextgen-gallery\/products\/photocrati_nextgen\/modules\/nextgen_basic_gallery\/static\/slideshow\/placeholder.gif\"\n     style=\"max-width: 600px; max-height: 400px;\">\n\t<div class=\"ngg-slideshow-loader\"\n\t     id=\"ngg-slideshow-200-15865247400-loader\"\n\t     style=\"width: 600px; height: 400px;\">\n\t\t<img src=\"https:\/\/pazurgryfa.slupsk.pl\/wp-content\/plugins\/nextgen-gallery\/products\/photocrati_nextgen\/modules\/ngglegacy\/images\/loader.gif\" alt=\"\"\/>\n\t<\/div>\n<\/div>\n<script type=\"text\/javascript\">\n\tjQuery('#ngg-slideshow-200-15865247400-image-list').hide().removeClass('ngg-slideshow-nojs');\n\tjQuery(function($) {\n\t\tjQuery('#ngg-slideshow-200-15865247400').nggShowSlideshow({\n\t\t\tid: '200',\n\t\t\tfx: 'fade',\n\t\t\twidth: 600,\n\t\t\theight: 400,\n\t\t\tdomain: 'https:\/\/pazurgryfa.slupsk.pl\/',\n\t\t\ttimeout: 10000\t\t});\n\t});\n<\/script>\n<\/p>\n","protected":false},"excerpt":{"rendered":"<p>Ziemia s\u0142upska to wymarzony teren imprez na orientacj\u0119. Niezmierzone lasy pe\u0142ne wzg\u00f3rz, dolin , jar\u00f3w, polan, z bogactwem fauny i flory. W\u015br\u00f3d nich zabytki przyrody i historii z pomnikami, zapomnianymi <a class=\"more-link\" href=\"https:\/\/pazurgryfa.slupsk.pl\/\">Continue Reading &amp;amp;amp;amp;rarr;<\/a><\/p>\n","protected":false},"author":1,"featured_media":0,"parent":0,"menu_order":0,"comment_status":"closed","ping_status":"open","template":"","meta":[],"_links":{"self":[{"href":"https:\/\/pazurgryfa.slupsk.pl\/index.php?rest_route=\/wp\/v2\/pages\/2"}],"collection":[{"href":"https:\/\/pazurgryfa.slupsk.pl\/index.php?rest_route=\/wp\/v2\/pages"}],"about":[{"href":"https:\/\/pazurgryfa.slupsk.pl\/index.php?rest_route=\/wp\/v2\/types\/page"}],"author":[{"embeddable":true,"href":"https:\/\/pazurgryfa.slupsk.pl\/index.php?rest_route=\/wp\/v2\/users\/1"}],"replies":[{"embeddable":true,"href":"https:\/\/pazurgryfa.slupsk.pl\/index.php?rest_route=%2Fwp%2Fv2%2Fcomments&post=2"}],"version-history":[{"count":13,"href":"https:\/\/pazurgryfa.slupsk.pl\/index.php?rest_route=\/wp\/v2\/pages\/2\/revisions"}],"predecessor-version":[{"id":1131,"href":"https:\/\/pazurgryfa.slupsk.pl\/index.php?rest_route=\/wp\/v2\/pages\/2\/revisions\/1131"}],"wp:attachment":[{"href":"https:\/\/pazurgryfa.slupsk.pl\/index.php?rest_route=%2Fwp%2Fv2%2Fmedia&parent=2"}],"curies":[{"name":"wp","href":"https:\/\/api.w.org\/{rel}","templated":true}]}}