{"id":54,"date":"2015-03-30T18:51:04","date_gmt":"2015-03-30T18:51:04","guid":{"rendered":"http:\/\/pazurgryfa.slupsk.pl\/?page_id=54"},"modified":"2026-04-01T07:18:27","modified_gmt":"2026-04-01T07:18:27","slug":"gdzie-i-kiedy","status":"publish","type":"page","link":"https:\/\/pazurgryfa.slupsk.pl\/?page_id=54","title":{"rendered":"Gdzie i kiedy"},"content":{"rendered":"\n<p>Park Kultury i Wypoczynku, Przysta\u0144 Kajakowa, ul. Rybacka 8, 76-200 S\u0142upsk<br>Rajd odb\u0119dzie si\u0119 w dniu 9 maja 2026 roku.<\/p>\n\n\n\n<ol start=\"3\">\n<li><\/li>\n<\/ol>\n\n\n\n<p><\/p>\n","protected":false},"excerpt":{"rendered":"<p>Park Kultury i Wypoczynku, Przysta\u0144 Kajakowa, ul. Rybacka 8, 76-200 S\u0142upskRajd odb\u0119dzie si\u0119 w dniu 9 maja 2026 roku.<\/p>\n","protected":false},"author":1,"featured_media":0,"parent":0,"menu_order":0,"comment_status":"closed","ping_status":"open","template":"","meta":[],"_links":{"self":[{"href":"https:\/\/pazurgryfa.slupsk.pl\/index.php?rest_route=\/wp\/v2\/pages\/54"}],"collection":[{"href":"https:\/\/pazurgryfa.slupsk.pl\/index.php?rest_route=\/wp\/v2\/pages"}],"about":[{"href":"https:\/\/pazurgryfa.slupsk.pl\/index.php?rest_route=\/wp\/v2\/types\/page"}],"author":[{"embeddable":true,"href":"https:\/\/pazurgryfa.slupsk.pl\/index.php?rest_route=\/wp\/v2\/users\/1"}],"replies":[{"embeddable":true,"href":"https:\/\/pazurgryfa.slupsk.pl\/index.php?rest_route=%2Fwp%2Fv2%2Fcomments&post=54"}],"version-history":[{"count":36,"href":"https:\/\/pazurgryfa.slupsk.pl\/index.php?rest_route=\/wp\/v2\/pages\/54\/revisions"}],"predecessor-version":[{"id":22252,"href":"https:\/\/pazurgryfa.slupsk.pl\/index.php?rest_route=\/wp\/v2\/pages\/54\/revisions\/22252"}],"wp:attachment":[{"href":"https:\/\/pazurgryfa.slupsk.pl\/index.php?rest_route=%2Fwp%2Fv2%2Fmedia&parent=54"}],"curies":[{"name":"wp","href":"https:\/\/api.w.org\/{rel}","templated":true}]}}