{"id":558,"date":"2016-12-20T14:44:57","date_gmt":"2016-12-20T14:44:57","guid":{"rendered":"http:\/\/pazurgryfa.slupsk.pl\/?page_id=558"},"modified":"2026-04-01T07:19:16","modified_gmt":"2026-04-01T07:19:16","slug":"komunikat-startowy","status":"publish","type":"page","link":"https:\/\/pazurgryfa.slupsk.pl\/?page_id=558","title":{"rendered":"Komunikat Startowy"},"content":{"rendered":"\n<p><strong>Komunikat Startowy zostanie opublikowany oko\u0142o tydzie\u0144 przed imprez\u0105.<\/strong><\/p>\n\n\n\n<p><\/p>\n\n\n\n<p><\/p>\n","protected":false},"excerpt":{"rendered":"<p>Komunikat Startowy zostanie opublikowany oko\u0142o tydzie\u0144 przed imprez\u0105.<\/p>\n","protected":false},"author":2,"featured_media":0,"parent":0,"menu_order":0,"comment_status":"closed","ping_status":"closed","template":"","meta":[],"_links":{"self":[{"href":"https:\/\/pazurgryfa.slupsk.pl\/index.php?rest_route=\/wp\/v2\/pages\/558"}],"collection":[{"href":"https:\/\/pazurgryfa.slupsk.pl\/index.php?rest_route=\/wp\/v2\/pages"}],"about":[{"href":"https:\/\/pazurgryfa.slupsk.pl\/index.php?rest_route=\/wp\/v2\/types\/page"}],"author":[{"embeddable":true,"href":"https:\/\/pazurgryfa.slupsk.pl\/index.php?rest_route=\/wp\/v2\/users\/2"}],"replies":[{"embeddable":true,"href":"https:\/\/pazurgryfa.slupsk.pl\/index.php?rest_route=%2Fwp%2Fv2%2Fcomments&post=558"}],"version-history":[{"count":29,"href":"https:\/\/pazurgryfa.slupsk.pl\/index.php?rest_route=\/wp\/v2\/pages\/558\/revisions"}],"predecessor-version":[{"id":22253,"href":"https:\/\/pazurgryfa.slupsk.pl\/index.php?rest_route=\/wp\/v2\/pages\/558\/revisions\/22253"}],"wp:attachment":[{"href":"https:\/\/pazurgryfa.slupsk.pl\/index.php?rest_route=%2Fwp%2Fv2%2Fmedia&parent=558"}],"curies":[{"name":"wp","href":"https:\/\/api.w.org\/{rel}","templated":true}]}}