{"id":25,"date":"2014-12-02T21:41:06","date_gmt":"2014-12-02T21:41:06","guid":{"rendered":"http:\/\/pazurgryfa.slupsk.pl\/?page_id=25"},"modified":"2017-12-19T13:12:24","modified_gmt":"2017-12-19T13:12:24","slug":"kontakt","status":"publish","type":"page","link":"https:\/\/pazurgryfa.slupsk.pl\/web2023\/?page_id=25","title":{"rendered":"Kontakt"},"content":{"rendered":"<p><a href=\"http:\/\/stopa.slupsk.pl\"><img decoding=\"async\" loading=\"lazy\" class=\"wp-image-24 size-full\" title=\"STOPA S\u0142upsk\" src=\"http:\/\/pazurgryfa.slupsk.pl\/wp-content\/uploads\/2014\/12\/stopa_logo.png\" alt=\"STOPA S\u0142upsk\" width=\"160\" height=\"160\" \/><\/a><\/p>\n<p><a title=\"http:\/\/stopa.slupsk.pl\" href=\"http:\/\/stopa.slupsk.pl\" target=\"_blank\">http:\/\/www.stopa.slupsk.pl<\/a><\/p>\n<p>S\u0142awomir \u0106wirko &#8211; kierownik zawod\u00f3w, budowniczy tras, s\u0119dzia g\u0142\u00f3wny &#8211;<br \/>\ntel. 602 449 660, e-mail: slawomir.cwirko@pl.diabgroup.com<\/p>\n","protected":false},"excerpt":{"rendered":"<p>http:\/\/www.stopa.slupsk.pl S\u0142awomir \u0106wirko &#8211; kierownik zawod\u00f3w, budowniczy tras, s\u0119dzia g\u0142\u00f3wny &#8211; tel. 602 449 660, e-mail: slawomir.cwirko@pl.diabgroup.com<\/p>\n","protected":false},"author":1,"featured_media":0,"parent":0,"menu_order":0,"comment_status":"open","ping_status":"open","template":"","meta":[],"_links":{"self":[{"href":"https:\/\/pazurgryfa.slupsk.pl\/web2023\/index.php?rest_route=\/wp\/v2\/pages\/25"}],"collection":[{"href":"https:\/\/pazurgryfa.slupsk.pl\/web2023\/index.php?rest_route=\/wp\/v2\/pages"}],"about":[{"href":"https:\/\/pazurgryfa.slupsk.pl\/web2023\/index.php?rest_route=\/wp\/v2\/types\/page"}],"author":[{"embeddable":true,"href":"https:\/\/pazurgryfa.slupsk.pl\/web2023\/index.php?rest_route=\/wp\/v2\/users\/1"}],"replies":[{"embeddable":true,"href":"https:\/\/pazurgryfa.slupsk.pl\/web2023\/index.php?rest_route=%2Fwp%2Fv2%2Fcomments&post=25"}],"version-history":[{"count":7,"href":"https:\/\/pazurgryfa.slupsk.pl\/web2023\/index.php?rest_route=\/wp\/v2\/pages\/25\/revisions"}],"predecessor-version":[{"id":752,"href":"https:\/\/pazurgryfa.slupsk.pl\/web2023\/index.php?rest_route=\/wp\/v2\/pages\/25\/revisions\/752"}],"wp:attachment":[{"href":"https:\/\/pazurgryfa.slupsk.pl\/web2023\/index.php?rest_route=%2Fwp%2Fv2%2Fmedia&parent=25"}],"curies":[{"name":"wp","href":"https:\/\/api.w.org\/{rel}","templated":true}]}}