{"id":31,"date":"2014-12-02T22:23:16","date_gmt":"2014-12-02T22:23:16","guid":{"rendered":"http:\/\/pazurgryfa.slupsk.pl\/?page_id=31"},"modified":"2023-02-01T12:34:31","modified_gmt":"2023-02-01T12:34:31","slug":"regulamin","status":"publish","type":"page","link":"https:\/\/pazurgryfa.slupsk.pl\/web2023\/?page_id=31","title":{"rendered":"Regulamin"},"content":{"rendered":"<p><strong>Regulamin Rajdu na Orientacj\u0119 Pazur Gryfa 18-19 marca 2023<\/strong><\/p>\n<ol>\n<li>Rajd na Orientacj\u0119 \u201e<strong>Pazur Gryfa<\/strong>\u201d jest rajdem sportowo-turystycznym.<\/li>\n<li><strong>Cele Rajdu<\/strong>:<br \/>\u2022 potwierdzenie umiej\u0119tno\u015bci nawigacyjnych w\u015br\u00f3d uczestnik\u00f3w,<br \/>\u2022 sprawdzenie granic w\u0142asnej wytrzyma\u0142o\u015bci i odporno\u015bci psychicznej,<br \/>\u2022 popularyzacja turystycznych imprez na orientacj\u0119, jako doskona\u0142ej formy aktywnego wypoczynku<br \/>\u2022 popularyzacja walor\u00f3w turystyczno \u2013 edukacyjnych Nadle\u015bnictwa S\u0142awno<\/li>\n<\/ol>\n<ul>\n<li>wy\u0142onienie Mistrz\u00f3w Polski Lekarzy w Rajdach na Orientacj\u0119<\/li>\n<li>integracja sympatyk\u00f3w turystyki.<\/li>\n<\/ul>\n<ol start=\"3\">\n<li><strong>Baza rajdu i termin<\/strong>.<br \/>O\u015brodek Dwie Wie\u017ce , 76-113 Chudaczewko, Chudaczewko 1, powiat s\u0142awie\u00f1ski, wojew\u00f3dztwo zachodniopomorskie.<br \/>Rajd odb\u0119dzie si\u0119 w dniach 18-19 marca 2023 roku.<\/li>\n<li><strong>Zesp\u00f3\u0142 Organizacyjny<\/strong>:<br \/>\u2022 S\u0142upskie Towarzystwo Os\u00f3b Pozytywnie Aktywnych STOPA S\u0142upsk<\/li>\n<\/ol>\n<p>Kierownictwo Rajdu \u2013 S\u0142awomir \u0106wirko,\u00a0 Sebastian Zabielski<\/p>\n<p>&#8211; budowniczy trasy TP50, TP25 i TP12 \u2013 Sebastian Zabielski<\/p>\n<p>&#8211; budowniczy trasy TR120, TRb50 i s\u0119dzia g\u0142\u00f3wny \u2013 S\u0142awomir \u0106wirko<\/p>\n<ol start=\"5\">\n<li><strong>Trasy<\/strong>:<\/li>\n<\/ol>\n<p>\u2013 Trasa piesza TP12 (ok.12 km) \u2013 trasa dla ma\u0142o zaawansowanych, rodzin i m\u0142odzie\u017cy. Mo\u017cna startowa\u0107 w dru\u017cynach.<\/p>\n<p>\u2013 Trasa piesza TP25 (ok.25 km) \u2013 trasa dla \u015brednio zaawansowanych. <strong><em>W ramach tej trasy zostan\u0105 przeprowadzone Mistrzostwa Polski Lekarzy w\u00a0 Pieszych Rajdach na Orientacj\u0119 na 25km<\/em><\/strong><br \/>\u2013 Trasa piesza TP50 (ok. 50 km), trasa trudna i d\u0142uga, przeznaczona dla zaawansowanych uczestnik\u00f3w imprez na orientacj\u0119, zaliczana do Pucharu Polski w Pieszych Maratonach na Orientacj\u0119. <strong><em>W ramach tej trasy zostan\u0105 przeprowadzone <\/em><\/strong><strong><em>Mistrzostwa Polski Lekarzy w Pieszych Rajdach na Orientacj\u0119 na 50km<\/em><\/strong><br \/>\u2013 Trasa rowerowa TR120 (ok. 120 km) \u2013 trasa trudna, przeznaczona dla do\u015bwiadczonych i wytrzyma\u0142ych rowerzyst\u00f3w, zaliczana do Pucharu Polski w Maratonach Rowerowych na Orientacj\u0119.<\/p>\n<p>\u2013 Trasa rowerowa TR50 (ok. 50 km) \u2013 trasa \u015brednio trudna, przeznaczona dla\u00a0 mniej wytrzyma\u0142ych rowerzyst\u00f3w. <strong><em>W ramach tej trasy zostan\u0105 przeprowadzone Mistrzostwa Polski Lekarzy w Rowerowych Rajdach na Orientacj\u0119.<\/em><\/strong>&#8211; Na tej trasie zostanie te\u017c rozegrana dogrywka dla zawodnik\u00f3w TR120 walcz\u0105cych o nagrody pieni\u0119\u017cne.<\/p>\n<ol start=\"6\">\n<li><strong>Program zawod\u00f3w<\/strong><\/li>\n<\/ol>\n<p>17 marca 2023 (pi\u0105tek)<\/p>\n<p>\u00a017:00 \u2013 Przyjmowanie uczestnik\u00f3w w bazie rajdu<\/p>\n<p>18 marca 2023 (sobota)<\/p>\n<p>\u00a006:00 \u2013 Przyjmowanie uczestnik\u00f3w, praca sekretariatu rajdu.<\/p>\n<p>\u00a006:45 \u2013 Odprawa techniczna \u2013 trasa TP50 i Mistrzostwa Polski Lekarzy na 50km.<\/p>\n<p>\u00a007:00 \u2013 start trasy TP50.<\/p>\n<p>07:15 \u2013 Odprawa techniczna \u2013 trasa TR120<\/p>\n<p>07:30 \u2013 start trasy TR120 .<\/p>\n<p>09:45 \u2013 odprawa techniczna trasy TP12<\/p>\n<p>10:00 \u2013 start trasy TP12<\/p>\n<p>15:30 \u2013 limit czasu TP12<\/p>\n<p>16:00 \u2013 zamkni\u0119cie mety trasy TP12<\/p>\n<p>19:00 \u2013 limit czasu TP50 i TR120<\/p>\n<p>19:30 &#8211; Zamkni\u0119cie mety trasy TP50 i TR120<\/p>\n<p>\u00a019 marca 2023 (niedziela)<\/p>\n<p>07:45 \u2013 odprawa trasy TP-25 i MPL<\/p>\n<p>08:00 \u2013 start trasy TP-25 i MPL<\/p>\n<p>08:45 \u2013 odprawa trasy TR50<\/p>\n<p>09:00 \u2013 start trasy TR50 i MPL<\/p>\n<p>15.00 \u2013 limit czasu obu tras<\/p>\n<p>15.30 \u2013 zamkni\u0119cie mety obu tras<\/p>\n<p>16.30 \u2013 opuszczenie bazy<\/p>\n<p>\u00a0<\/p>\n<p>7 . <strong>Op\u0142ata startowa<\/strong>:<br \/>Trasy\u00a0 TP50, TR120 \u2013 70 z\u0142<br \/>Trasa TP25, TR50\u00a0 \u2013 60 z\u0142 (za darmo dla uczestnik\u00f3w TP50 i TR120). Dzieci i m\u0142odzie\u017c do lat 16 \u2013 30 z\u0142<\/p>\n<p>Trasa TP12 &#8211;\u00a0 40 z\u0142, Dzieci i m\u0142odzie\u017c do lat 16 \u2013 20 z\u0142<\/p>\n<p><strong><em>Dla cz\u0142onk\u00f3w Okr\u0119gowej Izby Lekarskiej w Koszalinie \u2013 start bez op\u0142at.<\/em><\/strong><\/p>\n<p>Wp\u0142ata wpisowego \u2013 tylko <strong>got\u00f3wk\u0105<\/strong> w bazie rajdu!<\/p>\n<ol start=\"8\">\n<li><strong>Zapisy<\/strong><br \/>Od 19 stycznia 2023 do 17 marca 2023 \u2013 elektroniczne, linki poni\u017cej. Po 17 marca 2023 \u2013 w biurze zawod\u00f3w.<\/li>\n<\/ol>\n<p>Link do zapis\u00f3w: <a href=\"https:\/\/elektronicznezapisy.pl\/event\/7915\/strona.html\">https:\/\/elektronicznezapisy.pl\/event\/7915\/strona.html<\/a><\/p>\n<ol start=\"9\">\n<li><strong>Zasady rywalizacji<\/strong><\/li>\n<li>Podstawow\u0105 zasad\u0105 na Trasie Pieszej <strong>TP 12<\/strong> (ok. 12 km) jest zaliczenie jak najwi\u0119kszej ilo\u015bci PK (Punkt\u00f3w Kontrolnych) w limicie czasowym <strong>5,5 godzin<\/strong> i pokonuj\u0105c pieszo ca\u0142\u0105 tras\u0119 (ok. 12 km). Po regulaminowym czasie mo\u017cliwe jest uko\u0144czenie trasy w tzw. limicie sp\u00f3\u017anie\u0144 wynosz\u0105cym 30 min od czasu ko\u0144cowego. Po up\u0142yni\u0119ciu limitu sp\u00f3\u017anie\u0144 lub zamkni\u0119ciu mety zawodnik lub dru\u017cyna jest nieklasyfikowany(NKL). O kolejno\u015bci decyduje najpierw liczba zaliczonych PK, a potem czas przebycia trasy. W przypadku przekroczenia regulaminowego limitu czasu w tzw. limicie sp\u00f3\u017anie\u0144 za ka\u017cd\u0105 rozpocz\u0119t\u0105 minut\u0119 odejmuje si\u0119 0,5 PK.<\/li>\n<li>Podstawow\u0105 zasad\u0105 na Trasie Pieszej TP 25 (ok. 25 km) jest zaliczenie jak najwi\u0119kszej ilo\u015bci PK (Punkt\u00f3w Kontrolnych) w limicie czasowym 7 godzin i pokonuj\u0105c pieszo ca\u0142\u0105 tras\u0119 (ok. 25 km). Po regulaminowym czasie mo\u017cliwe jest uko\u0144czenie trasy w tzw. limicie sp\u00f3\u017anie\u0144 wynosz\u0105cym 30 min od czasu ko\u0144cowego. Po up\u0142yni\u0119ciu limitu sp\u00f3\u017anie\u0144 lub zamkni\u0119ciu mety zawodnik jest nieklasyfikowany(NKL). O kolejno\u015bci decyduje najpierw liczba zaliczonych PK, a potem czas przebycia trasy. W przypadku przekroczenia regulaminowego limitu czasu w tzw. limicie sp\u00f3\u017anie\u0144 za ka\u017cd\u0105 rozpocz\u0119t\u0105 minut\u0119 odejmuje si\u0119 0,5 PK.<strong><em>W ramach tej trasy zostan\u0105 przeprowadzone Mistrzostwa Polski Lekarzy na 25km, na tych samych zasadach<\/em><\/strong><\/li>\n<\/ol>\n<p>III. Podstawow\u0105 zasad\u0105 na Trasie Pieszej TP50 ( 50 km) jest zaliczenie jak najwi\u0119kszej ilo\u015bci PK w limicie czasowym 12 godzin i pokonuj\u0105c pieszo ca\u0142a tras\u0119 (ok. 50km). Po regulaminowym czasie mo\u017cliwe jest uko\u0144czenie trasy w tzw. limicie sp\u00f3\u017anie\u0144 wynosz\u0105cym 30 min od czasu ko\u0144cowego. Po up\u0142yni\u0119ciu limitu sp\u00f3\u017anie\u0144\u00a0 lub zamkni\u0119ciu mety zawodnik jest nieklasyfikowany(NKL). O kolejno\u015bci decyduje najpierw liczba zaliczonych PK, a potem czas przebycia trasy. W przypadku przekroczenia regulaminowego limitu czasu w tzw. limicie sp\u00f3\u017anie\u0144 za ka\u017cd\u0105 rozpocz\u0119t\u0105 minut\u0119 odejmuje si\u0119 0,5 PK .<strong><em> W ramach tej trasy zostan\u0105 przeprowadzone Mistrzostwa Polski Lekarzy na 50km, na tych samych zasadach<\/em><\/strong><\/p>\n<p>\u00a0<\/p>\n<ol>\n<li>Podstawow\u0105 zasad\u0105 na Trasie Rowerowej <strong>TR120<\/strong> ( 120 km) jest zaliczenie jak najwi\u0119kszej ilo\u015bci PK w limicie czasowym <strong>11,5 godziny.<\/strong> Limit sp\u00f3\u017anie\u0144 \u2013 30 minut. Po up\u0142ywie 30 minut lub po zamkni\u0119ciu mety zawodnik jest automatycznie zdyskwalifikowany! . O kolejno\u015bci decyduje najpierw liczba zaliczonych PK, a potem czas przebycia trasy. W przypadku przekroczenia regulaminowego limitu czasu w tzw. limicie sp\u00f3\u017anie\u0144 za ka\u017cd\u0105 rozpocz\u0119t\u0105 minut\u0119 odejmuje si\u0119 0,5 PK.<\/li>\n<\/ol>\n<ol>\n<li>Podstawow\u0105 zasad\u0105 na Trasie Rowerowej <strong>TR50<\/strong> ( 50 km) jest zaliczenie jak najwi\u0119kszej ilo\u015bci PK w limicie czasowym <strong>6 godzin.<\/strong> Limit sp\u00f3\u017anie\u0144 \u2013 30 minut. Po up\u0142ywie 30 minut lub po zamkni\u0119ciu mety zawodnik jest automatycznie zdyskwalifikowany! . O kolejno\u015bci decyduje najpierw liczba zaliczonych PK, a potem czas przebycia trasy. W przypadku przekroczenia regulaminowego limitu czasu w tzw. limicie sp\u00f3\u017anie\u0144 za ka\u017cd\u0105 rozpocz\u0119t\u0105 minut\u0119 odejmuje si\u0119 0,5 PK.<strong><em> W ramach tej trasy zostan\u0105 przeprowadzone Rowerowe Mistrzostwa Polski Lekarzy na 50km, na tych samych zasadach<\/em><\/strong><\/li>\n<\/ol>\n<p>Na trasie TR50 zostanie r\u00f3wnie\u017c rozegrana dogrywka dla zawodnik\u00f3w TR120 walcz\u0105cych o nagrody pieni\u0119\u017cne. O klasyfikacji dogrywki decyduje w pierwszej kolejno\u015bci \u0142\u0105czna liczba odnalezionych PK z obu tras, w drugiej kolejno\u015bci czas przejazdu obu tras. Na pro\u015bb\u0119 zawodnik\u00f3w czo\u0142\u00f3wka TR120 mo\u017ce zosta\u0107 wypuszczona metod\u0105 Gundersena, z zachowaniem przewagi czasowej z TR120. Zwyci\u0119zcy dogrywki otrzymaj\u0105 nagrody finansowe.<\/p>\n<ol>\n<li>Organizatorzy na starcie dostarczaj\u0105 kolorow\u0105 map\u0119 topograficzn\u0105 z zaznaczonymi Punktami w skali 1: 50\u00a0000<\/li>\n<\/ol>\n<p>VII. U\u017cywanie urz\u0105dze\u0144 GPS i map innych ni\u017c te dostarczone przez organizator\u00f3w jest zabronione. U\u017cywanie niedozwolonych map r\u00f3wnoznaczne jest z dyskwalifikacj\u0105 (dozwolona jest mo\u017cliwo\u015b\u0107 zapisu \u015bladu trasy przez urz\u0105dzenia elektroniczne schowane w czasie rajdu np. w plecaku \u2013 u\u017cywanie ich do lokalizacji w trakcie zawod\u00f3w r\u00f3wna si\u0119 dyskwalifikacji). Dopuszcza si\u0119 posiadanie zegarka z GPS ale tylko do zapisu \u015bladu trasy. U\u017cywanie go wraz z map\u0105 elektroniczna jest niedopuszczalne i r\u00f3wna si\u0119 dyskwalifikacji.<\/p>\n<p>VIII. Uczestnicy mog\u0105 zalicza\u0107 PK w kolejno\u015bci dowolnej (tzw. scorelauf) zgodnie z otrzyman\u0105 map\u0105 i opisem trasy. D\u0142ugo\u015b\u0107 tras pieszych i rowerowych jest liczona wzd\u0142u\u017c najkr\u00f3tszego wariantu pokonania trasy, po istniej\u0105cych drogach, \u015bcie\u017ckach i innych elementach liniowych na mapie, (nie jest to odleg\u0142o\u015b\u0107 w linii prostej mi\u0119dzy PK).<\/p>\n<ol>\n<li>Punktem Kontrolnym w terenie jest bia\u0142o-czerwony lampion (2D lub 3D) umiejscowiony na drzewie lub innym charakterystycznym miejscu (np. p\u0142ot, ambona, mur, most) posiadaj\u0105cy w\u0142asny kod i perforator. Dodatkowo, jako zabezpieczenie, na drzewie z lampionem (lub miejscu w s\u0105siedztwie PK) b\u0119dzie kod napisany jaskrawym sprayem.<\/li>\n<li>Warunkiem potwierdzenia obecno\u015bci na PK jest perforacja odpowiedniego pola na karcie startowej odpowiadaj\u0105cemu danemu PK. W przypadku braku perforatora lub lampionu nale\u017cy wpisa\u0107 d\u0142ugopisem kod (zaznaczony sprayem w okolicy PK np. na drzewie) w odpowiednie pole karty startowej lub wykona\u0107 zdj\u0119cie. W przypadku pomy\u0142ki w zapisie PK w odpowiedniej rubryce, na karcie startowej b\u0119dzie wskazane miejsce na wpis poprawkowy (rezerwowy).W\u00f3wczas nale\u017cy tam wpisa\u0107 odpowiedni nr PK i kod. Potwierdzenia na karcie startowej uczestnik ma obowi\u0105zek dokona\u0107 we w\u0142asnym zakresie.<\/li>\n<li>Warunkiem sklasyfikowania startuj\u0105cego jest odnalezienie i potwierdzenie przynajmniej jednego PK w kolejno\u015bci dowolnej w przedziale czasu przewidzianym przez organizator\u00f3w.<\/li>\n<\/ol>\n<p>XII. O klasyfikacji uczestnika decyduje w pierwszej kolejno\u015bci wi\u0119ksza liczba PK , a potem czas przebycia trasy.<\/p>\n<p>XIII. W przypadku przekroczenia regulaminowego limitu czasu w tzw. limicie sp\u00f3\u017anie\u0144 (30 min po regulaminowym czasie) za ka\u017cd\u0105 rozpocz\u0119t\u0105 minut\u0119 odejmuje si\u0119 0,5 PK .<\/p>\n<p>XIV. W przypadku, gdy uczestnik zostanie zwieziony z trasy przez organizatora zostaje nieklasyfikowany. (NKL)<\/p>\n<ol>\n<li>Wszystkie trasy rozgrywane s\u0105 w formie indywidualnej, opr\u00f3cz TP12, w kt\u00f3rej startuj\u0105 dru\u017cyny.<\/li>\n<\/ol>\n<p>XVI. Utrata karty startowej powoduje nieklasyfikowanie uczestnika.<\/p>\n<p>10 .<strong>Nagrody<\/strong>:<br \/>Trasa TP50 \u2013 nagrody finansowe w wysoko\u015bci co najmniej 30% wp\u0142yw\u00f3w z trasy: \u2013 I miejsce \u2013 15%, II miejsce 10%, III miejsce \u2013 5 %. Bez wzgl\u0119du na p\u0142e\u0107.<\/p>\n<p>Trasa TR120 \u2013 nagrody upominki dla pierwszej tr\u00f3jki bez wzgl\u0119du na p\u0142e\u0107.<\/p>\n<p>Na TP-25<strong>\u00a0 <\/strong>organizator przewiduje nagrody rzeczowe za pierwsze trzy miejsca bez wzgl\u0119du na p\u0142e\u0107.<\/p>\n<p>Trasa TR50 \u2013 nagrody upominki dla pierwszej tr\u00f3jki bez wzgl\u0119du na p\u0142e\u0107.<\/p>\n<p>Dogrywka TR50 &#8211;\u00a0 nagrody finansowe dla pierwszej tr\u00f3jki klasyfikacji \u0142\u0105cznej (TR120 + TR50) w wysoko\u015bci co najmniej 30% wp\u0142yw\u00f3w z tras: \u2013 I miejsce \u2013 15%, II miejsce 10%, III miejsce \u2013 5 %. Bez wzgl\u0119du na p\u0142e\u0107.<\/p>\n<p><strong>Mistrzostwa Polski Lekarzy-\u00a0 puchary dla najszybszych<\/strong>, <strong>dyplomy dla wszystkich uczestnik\u00f3w.<\/strong><\/p>\n<p><strong>Planowane\u00a0 uhonorowanie pucharami podium lekarzy w kategoriach:<\/strong><\/p>\n<p><strong>TP 50: miejsca 1-3 OPEN<\/strong><\/p>\n<p><strong>TR 50: miejsca 1-3 OPEN<\/strong><\/p>\n<p><strong>TP 25: miejsca 1-3 M\u0118\u017bCZY\u0179NI miejsca 1-3 KOBIETY miejsca 1-3 WETERANI ( roczniki 1973 i starsze)<\/strong><\/p>\n<p><strong>Na trasie TP25 lekarze kt\u00f3rzy zdobyli nagrodzone miejsca w wi\u0119cej ni\u017c jednej kategorii (np. kobiet i weteran) otrzymaj\u0105 Puchary za kategori\u0119\u00a0 w kt\u00f3rej zaj\u0119li wy\u017csz\u0105 pozycj\u0119 (jest to podyktowane ch\u0119ci\u0105 udekorowania jak najwi\u0119kszej ilo\u015bci zawodnik\u00f3w).<\/strong><\/p>\n<p><strong>Mo\u017cna \u0142\u0105czy\u0107 starty na r\u00f3\u017cnych trasach je\u015bli nie pokrywaj\u0105 si\u0119 czasowo ( np. TP50 i TP 25)<\/strong><\/p>\n<p><strong><em>\u00a0<\/em><\/strong><\/p>\n<ol start=\"11\">\n<li><strong>\u015awiadczenia<\/strong><\/li>\n<\/ol>\n<ul>\n<li>Minimum turystyczne: nocleg na \u015bwietlicy z dost\u0119pem do czajnika, \u0142azienki itd. dla pierwszych 20 os\u00f3b, kt\u00f3rzy zg\u0142osz\u0105 tak\u0105 potrzeb\u0119 organizatorowi.\u00a0<\/li>\n<li>Mo\u017cliwo\u015b\u0107 rozstawienia namiotu na terenie o\u015brodka<strong>.<\/strong><\/li>\n<li>Ciep\u0142y posi\u0142ek na mecie .<\/li>\n<li>Punkt \u017cywieniowy na trasach TP50 i TR-120<\/li>\n<li>P\u0142atny nocleg na terenie o\u015brodka w pokojach z \u0142azienkami. <strong>Koszt noclegu \u2013 50PLN<\/strong> od osoby za noc. Liczba miejsc ograniczona \u2013 ok. 25 miejsc na noc. Zg\u0142oszenia mailem <a href=\"mailto:slawomir@cwirko.pl\">slawomir@cwirko.pl<\/a> , lub telefonicznie 602449660<\/li>\n<li>Szczeg\u00f3\u0142owe \u015bwiadczenia dla zawodnik\u00f3w oraz szczeg\u00f3\u0142y dotycz\u0105ce bazy, noclegu, punkt\u00f3w od\u017cywczych, dojazdu itp. opisane b\u0119d\u0105 w Komunikacie Startowym oko\u0142o 1 tydzie\u0144 przed terminem Rajdu.<\/li>\n<\/ul>\n<ol start=\"12\">\n<li><strong>Wyposa\u017cenie obowi\u0105zkowe<\/strong>:<br \/>\u2022 kompas,<br \/>\u2022 telefon kom\u00f3rkowy z aparatem<br \/>\u2022 d\u0142ugopis.<br \/>\u2022 wyposa\u017cenie obowi\u0105zkowe roweru w przypadku poruszania si\u0119 po drogach publicznych(dotyczy tras rowerowych)<\/li>\n<li><strong>13<\/strong>. <strong>Wyposa\u017cenie zalecane<\/strong>:<br \/>apteczka pierwszej pomocy,<br \/>\u2022 dodatkowe ubrania na wypadek nag\u0142ego pogorszenia warunk\u00f3w atmosferycznych,<br \/>\u2022 woda i prowiant<br \/>\u2022 latarka czo\u0142owa<br \/>\u2022 kask \u2013 dotyczy tras rowerowych\/\/<\/li>\n<li><strong> Klauzula informacyjna<\/strong><\/li>\n<\/ol>\n<p>W stosunkach prawnych mi\u0119dzy uczestnikami Rajdu na Orientacj\u0119 PAZUR GRYFA 2023 a Organizatorem, stosuje si\u0119 nast\u0119puj\u0105c\u0105 klauzul\u0119 informacyjn\u0105:<\/p>\n<p>\u201eZgodnie z art. 25 ust. 1 Ustawy z dnia 10.05.2018. o ochronie danych osobowych (Dz.U.z 2018, poz. 1000, 1669). informujemy, i\u017c:<\/p>\n<p>&#8211; administratorem Pani\/Pana danych osobowych jest STOPA S\u0142upsk &#8211; S\u0142upskie Towarzystwo Os\u00f3b Pozytywnie Aktywnych z siedzib\u0105 ul. Rynek Rybacki 1 S\u0142upsk, zwany dalej STOPA S\u0142upsk- Pani\/Pana dane osobowe przetwarzane b\u0119d\u0105 w celu ewidencjonowania wynik\u00f3w Rajdu na stronie internetowej zawod\u00f3w i nie b\u0119d\u0105 udost\u0119pniane innym odbiorcom,<\/p>\n<p>&#8211; STOPA S\u0142upsk pozyska\u0142a Pani\/Pana dane osobowe w wyniku realizowania niniejszego Regulaminu Rajdu na Orientacj\u0119 PAZUR GRYFA 2023 zg\u0142oszenia si\u0119 Pana\/Pani do Rajdu,<\/p>\n<p>&#8211; posiada Pani\/Pan prawo dost\u0119pu do tre\u015bci swoich danych oraz ich poprawiania, na podstawie art. 32 ust. 1 pkt 7 ustawy o ochronie danych osobowych przys\u0142uguje Pani\/Panu prawo wniesienia pisemnego, umotywowanego \u017c\u0105dania zaprzestania przetwarzania Pani\/Pana danych ze wzgl\u0119du na Pani\/Pana szczeg\u00f3ln\u0105 sytuacj\u0119, jak r\u00f3wnie\u017c \u2013 na podstawie art. 32 ust. 1 pkt 8 ustawy o ochronie danych osobowych<\/p>\n<p>&#8211; ma Pani\/Pan prawo wniesienia sprzeciwu wobec przetwarzania Pani\/Pana danych lub wobec przekazywania ich innemu administratorowi danych.\u201d<\/p>\n<p>\u00a0<\/p>\n<ol start=\"15\">\n<li><strong> Zasady uczestnictwa w Rajdzie<\/strong><\/li>\n<li>Uczestnik Rajdu to osoba, kt\u00f3ra zosta\u0142a zarejestrowana i zweryfikowana w biurze Rajdu, na podstawie wa\u017cnego dokumentu to\u017csamo\u015bci i z\u0142o\u017cy\u0142a podpis na o\u015bwiadczeniu o znajomo\u015bci Regulaminu.<\/li>\n<li>Uczestnikami Rajdu mog\u0105 by\u0107 osoby od 16-tego roku \u017cycia (decyduje rok urodzenia) lub osoby niepe\u0142noletnie, kt\u00f3re zobowi\u0105zane s\u0105 do posiadania pozwolenia na udzia\u0142 w Rajdzie od rodzic\u00f3w lub prawnych opiekun\u00f3w z ich podpisem i nr PESEL lub obecno\u015b\u0107 rodzica lub opiekuna prawnego wraz z dowodem osobistym w momencie weryfikacji uczestnika w biurze Rajdu.<\/li>\n<li>Wszyscy uczestnicy startuj\u0105cy w Rajdzie musz\u0105 zosta\u0107 zweryfikowani w biurze Rajdu:<\/li>\n<\/ol>\n<p>&#8211; podczas weryfikacji uczestnicy musz\u0105 posiada\u0107 dokument to\u017csamo\u015bci ze zdj\u0119ciem s\u0142u\u017c\u0105cym do kontroli daty urodzenia,<\/p>\n<p>&#8211; warunkiem dopuszczenia uczestnika do Rajdu b\u0119dzie z\u0142o\u017cenie podpisu pod o\u015bwiadczeniem o braku przeciwwskaza\u0144 zdrowotnych do udzia\u0142u w imprezie,<\/p>\n<p>&#8211; zabrania si\u0119 startu uczestnikom b\u0119d\u0105cym pod wp\u0142ywem alkoholu b\u0105d\u017a innych \u015brodk\u00f3w odurzaj\u0105cych jak r\u00f3wnie\u017c spo\u017cywania ich podczas Rajdu,<\/p>\n<p>&#8211; uczestnik Rajdu ma pe\u0142n\u0105 \u015bwiadomo\u015b\u0107, \u017ce udzia\u0142 w nim zwi\u0105zany jest z wysi\u0142kiem fizycznym i zwi\u0119ksza si\u0119 ryzyko wypadku (urazowo\u015bci) organizmu (r\u00f3wnie\u017c zgonu) oraz mo\u017cliwe s\u0105 r\u00f3wnie\u017c szkody, straty maj\u0105tkowe oraz inne niemo\u017cliwe do przewidzenia ryzykowne czynniki i ich skutki<\/p>\n<ol>\n<li>Uczestnik podpisuj\u0105c niniejsze o\u015bwiadczenia:<\/li>\n<\/ol>\n<p>&#8211; posiada pe\u0142n\u0105 znajomo\u015b\u0107 Regulaminu Rajdu na Orientacj\u0119 PAZUR GRYFA 2023<\/p>\n<p>&#8211; potwierdza brak przeciwwskaza\u0144 zdrowotnych do udzia\u0142u w Rajdzie.<\/p>\n<p>&#8211; rozwa\u017cy\u0142 i oceni\u0142 w\u0142asne mo\u017cliwo\u015bci fizyczne i psychiczne, zweryfikowa\u0142 zakres i charakter ryzyka wi\u0105\u017c\u0105cego si\u0119 z udzia\u0142em w Rajdzie, startuje w Rajdzie dobrowolnie i wy\u0142\u0105cznie na w\u0142asn\u0105 odpowiedzialno\u015b\u0107,<\/p>\n<ol>\n<li>Uczestnicy Rajdu s\u0105 zobowi\u0105zani do niezw\u0142ocznej reakcji na sygna\u0142y pojazd\u00f3w uprzywilejowanych oraz polece\u0144 S\u0142u\u017cb Ratowniczo-Medycznych i S\u0142u\u017cby Porz\u0105dkowej Organizatora podczas \u2013 dojazdu, organizacji akcji ratowniczej i transportu poszkodowanych<\/li>\n<\/ol>\n<p>W przypadku innych zagro\u017ce\u0144, (po\u017car, burza z wy\u0142adowaniami itp.) uczestnicy podporz\u0105dkowuj\u0105 si\u0119 kieruj\u0105cym akcj\u0105 ratownicz\u0105 i bezwzgl\u0119dnie wykonuj\u0105 ich polecenia \u2013 dot. Pa\u0144stwowej Stra\u017cy Po\u017carnej, Policji, Stra\u017cy Granicznej.<\/p>\n<ol>\n<li>W czasie trwania Rajdu uczestnicy maj\u0105 prawo pokonywa\u0107 tras\u0119 biegiem, marszem, trasa TR-120 i TR50 rowerem &#8211; nie mog\u0105 korzysta\u0107 z \u017cadnego \u015brodka lokomocji oraz pomocy os\u00f3b trzecich. Niedozwolone jest pokonywanie przeszk\u00f3d wodnych wp\u0142aw (poza brodami wskazanymi przez organizatora) .<\/li>\n<li>Obowi\u0105zuje zakaz rozpalania i palenia ognisk na terenach le\u015bnych, poruszania si\u0119 po uprawach rolnych, szk\u00f3\u0142kach le\u015bnych i terenach prywatnych. Za szkody wyrz\u0105dzone przez uczestnik\u00f3w wobec os\u00f3b trzecich oraz szkody wyrz\u0105dzone przez osoby trzecie uczestnikom Rajdu Organizator nie odpowiada.<\/li>\n<li>Przypomina si\u0119, \u017ce zgodnie z ustaw\u0105 o lasach art. 26, sta\u0142ym zakazem wst\u0119pu obj\u0119te s\u0105 lasy stanowi\u0105ce uprawy le\u015bne do 4 m wysoko\u015bci; powierzchnie do\u015bwiadczalne i drzewostany nasienne; ostoje zwierz\u0105t; \u017ar\u00f3dliska rzek i potok\u00f3w; obszary zagro\u017cone erozj\u0105. Zgodnie z art.30 ww. Ustawy o lasach zabrania si\u0119: zanieczyszczania gleby i w\u00f3d; za\u015bmiecania; rozkopywania gruntu; niszczenia grzyb\u00f3w oraz grzybni; niszczenia lub uszkadzania drzew, krzew\u00f3w lub innych ro\u015blin; niszczenia urz\u0105dze\u0144 i obiekt\u00f3w gospodarczych, turystycznych i technicznych oraz znak\u00f3w i tablic; rozgarniania i zbierania \u015bci\u00f3\u0142ki, puszczania ps\u00f3w luzem, ha\u0142asowania oraz u\u017cywania sygna\u0142\u00f3w d\u017awi\u0119kowych, z wyj\u0105tkiem przypadk\u00f3w wymagaj\u0105cych wszcz\u0119cia alarmu.<\/li>\n<\/ol>\n<p>W odleg\u0142o\u015bci do 100 m od granicy lasu, zabrania si\u0119 w szczeg\u00f3lno\u015bci: rozniecania ognia poza miejscami do tego wyznaczonymi, korzystania z otwartego p\u0142omienia, wypalania wierzchniej warstwy gleby i pozosta\u0142o\u015bci ro\u015blin.<\/p>\n<ol>\n<li>Obowi\u0105zuje zakaz wst\u0119pu na powierzchnie le\u015bne oznakowane tablicami \u201e\u015bcinka drzew \u2013 zakaz wst\u0119pu\u201d itp. chyba, \u017ce przed Rajdem Organizator poinformuje o zmianie tego zakazu.<\/li>\n<li>Obowi\u0105zuje nakaz przestrzegania zasad poruszania si\u0119 po drogach publicznych, przepis\u00f3w ruchu drogowego i ppo\u017c.<\/li>\n<li>Wszyscy uczestnicy zobowi\u0105zani s\u0105 do posiadana i okazywania na wezwanie Organizatora i innych s\u0142u\u017cb wa\u017cnego dowodu to\u017csamo\u015bci.<\/li>\n<li>Organizator ma prawo wycofania uczestnika Rajdu z trasy w przypadku stwierdzenia przez obs\u0142ug\u0119 medyczn\u0105 niezdolno\u015bci do kontynuowania wysi\u0142ku fizycznego oraz w przypadku stwierdzenia z\u0142amania przepis\u00f3w niniejszego Regulaminu.<\/li>\n<\/ol>\n<p>\u0142. Dopuszcza si\u0119 do startu uczestnik\u00f3w z psami \u2013 zakaz puszczania ps\u00f3w wolno.<\/p>\n<ol>\n<li>Zabrania si\u0119 u\u017cywania rower\u00f3w z nap\u0119dem elektrycznym lub podobnym tego typu wspomaganiem. Po stwierdzeniu takiego zdarzenia zawodnik b\u0119dzie zdyskwalifikowany.<\/li>\n<li>Organizator zastrzega sobie prawo do zmiany Regulaminu, o czym uczestnicy zostan\u0105 poinformowani najp\u00f3\u017aniej przed wyruszeniem na tras\u0119 Rajdu.<\/li>\n<li>Protesty mo\u017cna sk\u0142ada\u0107 w formie pisemnej lub elektronicznej od momentu og\u0142oszenia wynik\u00f3w wst\u0119pnych do 4 dni po Rajdzie (liczy si\u0119 data wys\u0142ania protestu) do S\u0119dziego G\u0142\u00f3wnego. Protesty zostan\u0105 rozpatrzone do 7 dni od zako\u0144czenia Imprezy, po czym zostanie og\u0142oszona oficjalna klasyfikacja ko\u0144cowa Rajdu.<\/li>\n<li>Ostateczna interpretacja Regulaminu nale\u017cy do Organizatora. W sprawach spornych decyzja Organizatora jest decyzj\u0105 ostateczn\u0105. Nieznajomo\u015b\u0107 Regulaminu nie zwalnia uczestnika do jego przestrzegania.<\/li>\n<li>Wszystkich uczestnik\u00f3w obowi\u0105zuje bezwzgl\u0119dne, obowi\u0105zkowe odmeldowanie si\u0119 po Rajdzie w jeden z poni\u017cej podanych sposob\u00f3w:\u2013 na mecie, \u2013 w bazie Rajdu\u2013 telefoniczne u S\u0119dziego G\u0142\u00f3wnego dzwoni\u0105c pod numer telefonu +48\u00a0602\u00a0449 660 jest to podyktowane wzgl\u0119dami bezpiecze\u0144stwa.<\/li>\n<\/ol>\n<p><strong>\u00a0<\/strong><\/p>\n\n\n<p><\/p>\n","protected":false},"excerpt":{"rendered":"<p>Regulamin Rajdu na Orientacj\u0119 Pazur Gryfa 18-19 marca 2023 Rajd na Orientacj\u0119 \u201ePazur Gryfa\u201d jest rajdem sportowo-turystycznym. Cele Rajdu:\u2022 potwierdzenie umiej\u0119tno\u015bci nawigacyjnych w\u015br\u00f3d uczestnik\u00f3w,\u2022 sprawdzenie granic w\u0142asnej wytrzyma\u0142o\u015bci i odporno\u015bci <a class=\"more-link\" href=\"https:\/\/pazurgryfa.slupsk.pl\/web2023\/?page_id=31\">Continue Reading &amp;amp;amp;rarr;<\/a><\/p>\n","protected":false},"author":1,"featured_media":0,"parent":0,"menu_order":0,"comment_status":"open","ping_status":"open","template":"","meta":[],"_links":{"self":[{"href":"https:\/\/pazurgryfa.slupsk.pl\/web2023\/index.php?rest_route=\/wp\/v2\/pages\/31"}],"collection":[{"href":"https:\/\/pazurgryfa.slupsk.pl\/web2023\/index.php?rest_route=\/wp\/v2\/pages"}],"about":[{"href":"https:\/\/pazurgryfa.slupsk.pl\/web2023\/index.php?rest_route=\/wp\/v2\/types\/page"}],"author":[{"embeddable":true,"href":"https:\/\/pazurgryfa.slupsk.pl\/web2023\/index.php?rest_route=\/wp\/v2\/users\/1"}],"replies":[{"embeddable":true,"href":"https:\/\/pazurgryfa.slupsk.pl\/web2023\/index.php?rest_route=%2Fwp%2Fv2%2Fcomments&post=31"}],"version-history":[{"count":83,"href":"https:\/\/pazurgryfa.slupsk.pl\/web2023\/index.php?rest_route=\/wp\/v2\/pages\/31\/revisions"}],"predecessor-version":[{"id":1090,"href":"https:\/\/pazurgryfa.slupsk.pl\/web2023\/index.php?rest_route=\/wp\/v2\/pages\/31\/revisions\/1090"}],"wp:attachment":[{"href":"https:\/\/pazurgryfa.slupsk.pl\/web2023\/index.php?rest_route=%2Fwp%2Fv2%2Fmedia&parent=31"}],"curies":[{"name":"wp","href":"https:\/\/api.w.org\/{rel}","templated":true}]}}